{"id":3642,"date":"2020-02-25T18:58:16","date_gmt":"2020-02-25T17:58:16","guid":{"rendered":"https:\/\/www.orlando-prowebhost.com\/boutique-affiliation\/?page_id=3642"},"modified":"2025-02-15T01:04:42","modified_gmt":"2025-02-15T00:04:42","slug":"plan-du-site","status":"publish","type":"page","link":"https:\/\/www.orlando-prowebhost.com\/boutique-affiliation\/plan-du-site\/","title":{"rendered":"Plan Du Site"},"content":{"rendered":"\t\t<div data-elementor-type=\"wp-page\" data-elementor-id=\"3642\" class=\"elementor elementor-3642\" data-elementor-post-type=\"page\">\n\t\t\t\t\t\t<section class=\"elementor-section elementor-top-section elementor-element elementor-element-feb0591 elementor-section-boxed elementor-section-height-default elementor-section-height-default\" data-id=\"feb0591\" data-element_type=\"section\" data-e-type=\"section\">\n\t\t\t\t\t\t<div class=\"elementor-container elementor-column-gap-default\">\n\t\t\t\t\t<div class=\"elementor-column elementor-col-100 elementor-top-column elementor-element elementor-element-a02405c\" data-id=\"a02405c\" data-element_type=\"column\" data-e-type=\"column\">\n\t\t\t<div class=\"elementor-widget-wrap elementor-element-populated\">\n\t\t\t\t\t\t<div class=\"elementor-element elementor-element-6d7a4a6 elementor-widget elementor-widget-spacer\" data-id=\"6d7a4a6\" data-element_type=\"widget\" data-e-type=\"widget\" data-widget_type=\"spacer.default\">\n\t\t\t\t<div class=\"elementor-widget-container\">\n\t\t\t\t\t\t\t<div class=\"elementor-spacer\">\n\t\t\t<div class=\"elementor-spacer-inner\"><\/div>\n\t\t<\/div>\n\t\t\t\t\t\t<\/div>\n\t\t\t\t<\/div>\n\t\t\t\t\t<\/div>\n\t\t<\/div>\n\t\t\t\t\t<\/div>\n\t\t<\/section>\n\t\t\t\t<section class=\"elementor-section elementor-top-section elementor-element elementor-element-7922e009 elementor-section-boxed elementor-section-height-default elementor-section-height-default\" data-id=\"7922e009\" data-element_type=\"section\" data-e-type=\"section\" data-settings=\"{&quot;background_background&quot;:&quot;classic&quot;}\">\n\t\t\t\t\t\t<div class=\"elementor-container elementor-column-gap-default\">\n\t\t\t\t\t<div class=\"elementor-column elementor-col-33 elementor-top-column elementor-element elementor-element-2155ee16\" data-id=\"2155ee16\" data-element_type=\"column\" data-e-type=\"column\" data-settings=\"{&quot;background_background&quot;:&quot;classic&quot;}\">\n\t\t\t<div class=\"elementor-widget-wrap elementor-element-populated\">\n\t\t\t\t\t\t<div class=\"elementor-element elementor-element-3d320f02 elementor-widget elementor-widget-image\" data-id=\"3d320f02\" data-element_type=\"widget\" data-e-type=\"widget\" data-widget_type=\"image.default\">\n\t\t\t\t<div class=\"elementor-widget-container\">\n\t\t\t\t\t\t\t\t\t\t\t\t\t\t\t<img decoding=\"async\" width=\"296\" height=\"45\" data-src=\"https:\/\/www.orlando-prowebhost.com\/boutique-affiliation\/wp-content\/uploads\/2019\/12\/logo-1.png\" class=\"attachment-large size-large wp-image-2184 lazyload\" alt=\"Autor\u00e9pondeur E-Mailing Marketing FortissiMail\" src=\"data:image\/svg+xml;base64,PHN2ZyB3aWR0aD0iMSIgaGVpZ2h0PSIxIiB4bWxucz0iaHR0cDovL3d3dy53My5vcmcvMjAwMC9zdmciPjwvc3ZnPg==\" style=\"--smush-placeholder-width: 296px; --smush-placeholder-aspect-ratio: 296\/45;\" \/>\t\t\t\t\t\t\t\t\t\t\t\t\t\t\t<\/div>\n\t\t\t\t<\/div>\n\t\t\t\t\t<\/div>\n\t\t<\/div>\n\t\t\t\t<div class=\"elementor-column elementor-col-33 elementor-top-column elementor-element elementor-element-1fd9e298\" data-id=\"1fd9e298\" data-element_type=\"column\" data-e-type=\"column\">\n\t\t\t<div class=\"elementor-widget-wrap\">\n\t\t\t\t\t\t\t<\/div>\n\t\t<\/div>\n\t\t\t\t<div class=\"elementor-column elementor-col-33 elementor-top-column elementor-element elementor-element-7339aeea\" data-id=\"7339aeea\" data-element_type=\"column\" data-e-type=\"column\">\n\t\t\t<div class=\"elementor-widget-wrap elementor-element-populated\">\n\t\t\t\t\t\t<div class=\"elementor-element elementor-element-56267156 elementor-widget elementor-widget-image\" data-id=\"56267156\" data-element_type=\"widget\" data-e-type=\"widget\" data-widget_type=\"image.default\">\n\t\t\t\t<div class=\"elementor-widget-container\">\n\t\t\t\t\t\t\t\t\t\t\t\t\t\t\t<img decoding=\"async\" width=\"255\" height=\"37\" data-src=\"https:\/\/www.orlando-prowebhost.com\/boutique-affiliation\/wp-content\/uploads\/2019\/12\/logo.png\" class=\"attachment-large size-large wp-image-2181 lazyload\" alt=\"H\u00e9bergements Web OPWH : Orlando-ProwebHost\" src=\"data:image\/svg+xml;base64,PHN2ZyB3aWR0aD0iMSIgaGVpZ2h0PSIxIiB4bWxucz0iaHR0cDovL3d3dy53My5vcmcvMjAwMC9zdmciPjwvc3ZnPg==\" style=\"--smush-placeholder-width: 255px; --smush-placeholder-aspect-ratio: 255\/37;\" \/>\t\t\t\t\t\t\t\t\t\t\t\t\t\t\t<\/div>\n\t\t\t\t<\/div>\n\t\t\t\t\t<\/div>\n\t\t<\/div>\n\t\t\t\t\t<\/div>\n\t\t<\/section>\n\t\t\t\t<section class=\"elementor-section elementor-top-section elementor-element elementor-element-69e8cee elementor-section-boxed elementor-section-height-default elementor-section-height-default\" data-id=\"69e8cee\" data-element_type=\"section\" data-e-type=\"section\">\n\t\t\t\t\t\t<div class=\"elementor-container elementor-column-gap-default\">\n\t\t\t\t\t<div class=\"elementor-column elementor-col-100 elementor-top-column elementor-element elementor-element-5db4c8e\" data-id=\"5db4c8e\" data-element_type=\"column\" data-e-type=\"column\">\n\t\t\t<div class=\"elementor-widget-wrap elementor-element-populated\">\n\t\t\t\t\t\t<div class=\"elementor-element elementor-element-f24ac4d elementor-widget elementor-widget-spacer\" data-id=\"f24ac4d\" data-element_type=\"widget\" data-e-type=\"widget\" data-widget_type=\"spacer.default\">\n\t\t\t\t<div class=\"elementor-widget-container\">\n\t\t\t\t\t\t\t<div class=\"elementor-spacer\">\n\t\t\t<div class=\"elementor-spacer-inner\"><\/div>\n\t\t<\/div>\n\t\t\t\t\t\t<\/div>\n\t\t\t\t<\/div>\n\t\t\t\t\t<\/div>\n\t\t<\/div>\n\t\t\t\t\t<\/div>\n\t\t<\/section>\n\t\t\t\t<section class=\"elementor-section elementor-top-section elementor-element elementor-element-2f29e4a elementor-section-boxed elementor-section-height-default elementor-section-height-default\" data-id=\"2f29e4a\" data-element_type=\"section\" data-e-type=\"section\">\n\t\t\t\t\t\t<div class=\"elementor-container elementor-column-gap-default\">\n\t\t\t\t\t<div class=\"elementor-column elementor-col-50 elementor-top-column elementor-element elementor-element-3bb49ab\" data-id=\"3bb49ab\" data-element_type=\"column\" data-e-type=\"column\">\n\t\t\t<div class=\"elementor-widget-wrap elementor-element-populated\">\n\t\t\t\t\t\t<div class=\"elementor-element elementor-element-71b10b1 elementor-widget elementor-widget-wp-widget-pages\" data-id=\"71b10b1\" data-element_type=\"widget\" data-e-type=\"widget\" data-widget_type=\"wp-widget-pages.default\">\n\t\t\t\t<div class=\"elementor-widget-container\">\n\t\t\t\t\t<h5>Pages<\/h5><nav aria-label=\"Pages\">\n\t\t\t<ul>\n\t\t\t\t<li class=\"page_item page-item-3965 menu-item\"><a href=\"https:\/\/www.orlando-prowebhost.com\/boutique-affiliation\/a-propos\/\" class=\"menu-link\">A Propos<\/a><\/li>\n<li class=\"page_item page-item-7103 menu-item\"><a href=\"https:\/\/www.orlando-prowebhost.com\/boutique-affiliation\/affiliation-opwh-sur-mobiles\/\" class=\"menu-link\">Affiliation OPWH Sur Mobiles<\/a><\/li>\n<li class=\"page_item page-item-2774 menu-item\"><a href=\"https:\/\/www.orlando-prowebhost.com\/boutique-affiliation\/\" class=\"menu-link\">Boutique-Affiliation des H\u00e9bergements Web OPWH \/ AutoR\u00e9pondeur Marketing FortissiMail<\/a><\/li>\n<li class=\"page_item page-item-2307 menu-item\"><a href=\"https:\/\/www.orlando-prowebhost.com\/boutique-affiliation\/business-pro\/\" class=\"menu-link\">BUSINESS PRO<\/a><\/li>\n<li class=\"page_item page-item-3171 menu-item\"><a href=\"https:\/\/www.orlando-prowebhost.com\/boutique-affiliation\/catalogue-produits-opwh\/\" class=\"menu-link\">Catalogue G\u00e9n\u00e9ral Des H\u00e9bergements Web Professionnels OPWH<\/a><\/li>\n<li class=\"page_item page-item-4035 menu-item\"><a href=\"https:\/\/www.orlando-prowebhost.com\/boutique-affiliation\/cgu-partenaires-opwh-programme-daffiliation\/\" class=\"menu-link\">CGU Partenaires OPWH &#038; Programme D&rsquo;Affiliation<\/a><\/li>\n<li class=\"page_item page-item-4499 menu-item\"><a href=\"https:\/\/www.orlando-prowebhost.com\/boutique-affiliation\/cgvu-conditions-generales-de-vente-et-dutilisation\/\" class=\"menu-link\">CGVU : Conditions G\u00e9n\u00e9rales de Vente et d\u2019Utilisation<\/a><\/li>\n<li class=\"page_item page-item-1108 menu-item\"><a href=\"https:\/\/www.orlando-prowebhost.com\/boutique-affiliation\/comment-ca-marche\/\" class=\"menu-link\">Comment \u00e7a marche ?<\/a><\/li>\n<li class=\"page_item page-item-1607 menu-item\"><a href=\"https:\/\/www.orlando-prowebhost.com\/boutique-affiliation\/compte-client\/\" class=\"menu-link\">Compte Client<\/a><\/li>\n<li class=\"page_item page-item-1044 menu-item\"><a href=\"https:\/\/www.orlando-prowebhost.com\/boutique-affiliation\/confirm-subscription\/\" class=\"menu-link\">Confirmation Inscription<\/a><\/li>\n<li class=\"page_item page-item-31 menu-item\"><a href=\"https:\/\/www.orlando-prowebhost.com\/boutique-affiliation\/des-questions\/\" class=\"menu-link\">Des Questions ?<\/a><\/li>\n<li class=\"page_item page-item-3238 menu-item\"><a href=\"https:\/\/www.orlando-prowebhost.com\/boutique-affiliation\/devenez-un-partenaire-officiel-opwh-les-plans-tarifaires\/\" class=\"menu-link\">Devenez Un Partenaire Officiel OPWH &#8211; Les Plans Tarifaires<\/a><\/li>\n<li class=\"page_item page-item-3260 menu-item\"><a href=\"https:\/\/www.orlando-prowebhost.com\/boutique-affiliation\/special-wordpress\/\" class=\"menu-link\">H\u00e9bergements Web Sp\u00e9cial WordPress, Compte Auto-R\u00e9pondeur FortissiMail Inclus !<\/a><\/li>\n<li class=\"page_item page-item-3301 menu-item\"><a href=\"https:\/\/www.orlando-prowebhost.com\/boutique-affiliation\/hebergements-business\/\" class=\"menu-link\">Les H\u00e9bergements \u00ab\u00a0BUSINESS PRO\u00a0\u00bb (Auto-R\u00e9pondeur Inclus)<\/a><\/li>\n<li class=\"page_item page-item-3336 menu-item\"><a href=\"https:\/\/www.orlando-prowebhost.com\/boutique-affiliation\/hebergements-pro\/\" class=\"menu-link\">Les H\u00e9bergements Web \u00ab\u00a0PRO\u00a0\u00bb<\/a><\/li>\n<li class=\"page_item page-item-1816 menu-item\"><a href=\"https:\/\/www.orlando-prowebhost.com\/boutique-affiliation\/notre-affiliation-recurrente-a-vie\/\" class=\"menu-link\">Notre Affiliation R\u00e9currente A Vie !<\/a><\/li>\n<li class=\"page_item page-item-798 menu-item\"><a href=\"https:\/\/www.orlando-prowebhost.com\/boutique-affiliation\/pack-partenaire-officiel-opwh\/\" class=\"menu-link\">PACK PARTENAIRE OFFICIEL OPWH<\/a><\/li>\n<li class=\"page_item page-item-3642 menu-item\"><a href=\"https:\/\/www.orlando-prowebhost.com\/boutique-affiliation\/plan-du-site\/\" class=\"menu-link\">Plan Du Site<\/a><\/li>\n<li class=\"page_item page-item-145 menu-item\"><a href=\"https:\/\/www.orlando-prowebhost.com\/boutique-affiliation\/plan-wordpress-business-pro\/\" class=\"menu-link\">Plan WordPress BUSINESS PRO<\/a><\/li>\n<li class=\"page_item page-item-1948 menu-item\"><a href=\"https:\/\/www.orlando-prowebhost.com\/boutique-affiliation\/plan-wordpress-pro\/\" class=\"menu-link\">Plan WordPress PRO<\/a><\/li>\n<li class=\"page_item page-item-4501 menu-item\"><a href=\"https:\/\/www.orlando-prowebhost.com\/boutique-affiliation\/politique-de-vie-privee-confidentialite\/\" class=\"menu-link\">Politique de Vie Priv\u00e9e \/ Confidentialit\u00e9<\/a><\/li>\n<li class=\"page_item page-item-2602 menu-item\"><a href=\"https:\/\/www.orlando-prowebhost.com\/boutique-affiliation\/pro\/\" class=\"menu-link\">PRO<\/a><\/li>\n<li class=\"page_item page-item-124 current_page_parent menu-item current-menu-parent\"><a href=\"https:\/\/www.orlando-prowebhost.com\/boutique-affiliation\/ressources-gratuites\/\" class=\"menu-link\">Ressources Gratuites<\/a><\/li>\n<li class=\"page_item page-item-4503 menu-item\"><a href=\"https:\/\/www.orlando-prowebhost.com\/boutique-affiliation\/utilisation-des-coockies\/\" class=\"menu-link\">Utilisation des Coockies<\/a><\/li>\n<li class=\"page_item page-item-4538 menu-item\"><a href=\"https:\/\/www.orlando-prowebhost.com\/boutique-affiliation\/voir-les-plans-autorepondeur-fortissimail\/\" class=\"menu-link\">Voir Les Plans AutoR\u00e9pondeur Fortissimail<\/a><\/li>\n<li class=\"page_item page-item-196 menu-item\"><a href=\"https:\/\/www.orlando-prowebhost.com\/boutique-affiliation\/autorepondeur-francophone-fortissimail\/\" class=\"menu-link\">Votre Auto-R\u00e9pondeur Francophone : Fortissimail !<\/a><\/li>\n\t\t\t<\/ul>\n\n\t\t\t<\/nav>\t\t\t\t<\/div>\n\t\t\t\t<\/div>\n\t\t\t\t\t<\/div>\n\t\t<\/div>\n\t\t\t\t<div class=\"elementor-column elementor-col-50 elementor-top-column elementor-element elementor-element-84328e6\" data-id=\"84328e6\" data-element_type=\"column\" data-e-type=\"column\">\n\t\t\t<div class=\"elementor-widget-wrap elementor-element-populated\">\n\t\t\t\t\t\t<div class=\"elementor-element elementor-element-f0a38e2 elementor-widget elementor-widget-wp-widget-categories\" data-id=\"f0a38e2\" data-element_type=\"widget\" data-e-type=\"widget\" data-widget_type=\"wp-widget-categories.default\">\n\t\t\t\t<div class=\"elementor-widget-container\">\n\t\t\t\t\t<h5>Ressources Gratuites<\/h5><nav aria-label=\"Ressources Gratuites\">\n\t\t\t<ul>\n\t\t\t\t\t<li class=\"cat-item cat-item-1\"><a href=\"https:\/\/www.orlando-prowebhost.com\/boutique-affiliation\/category\/hebergements-web-opwh\/\">H\u00e9bergements Web OPWH<\/a>\n<\/li>\n\t<li class=\"cat-item cat-item-376\"><a href=\"https:\/\/www.orlando-prowebhost.com\/boutique-affiliation\/category\/noms-de-domaine\/\">Noms de domaine<\/a>\n<\/li>\n\t\t\t<\/ul>\n\n\t\t\t<\/nav>\t\t\t\t<\/div>\n\t\t\t\t<\/div>\n\t\t\t\t\t<\/div>\n\t\t<\/div>\n\t\t\t\t\t<\/div>\n\t\t<\/section>\n\t\t\t\t<section class=\"elementor-section elementor-top-section elementor-element elementor-element-fb7a2b8 elementor-section-boxed elementor-section-height-default elementor-section-height-default\" data-id=\"fb7a2b8\" data-element_type=\"section\" data-e-type=\"section\" data-settings=\"{&quot;background_background&quot;:&quot;classic&quot;}\">\n\t\t\t\t\t\t<div class=\"elementor-container elementor-column-gap-default\">\n\t\t\t\t\t<div class=\"elementor-column elementor-col-100 elementor-top-column elementor-element elementor-element-69f6199e\" data-id=\"69f6199e\" data-element_type=\"column\" data-e-type=\"column\">\n\t\t\t<div class=\"elementor-widget-wrap elementor-element-populated\">\n\t\t\t\t\t\t<div class=\"elementor-element elementor-element-aa7018d elementor-widget-divider--view-line elementor-widget elementor-widget-divider\" data-id=\"aa7018d\" data-element_type=\"widget\" data-e-type=\"widget\" data-widget_type=\"divider.default\">\n\t\t\t\t<div class=\"elementor-widget-container\">\n\t\t\t\t\t\t\t<div class=\"elementor-divider\">\n\t\t\t<span class=\"elementor-divider-separator\">\n\t\t\t\t\t\t<\/span>\n\t\t<\/div>\n\t\t\t\t\t\t<\/div>\n\t\t\t\t<\/div>\n\t\t\t\t<section class=\"elementor-section elementor-inner-section elementor-element elementor-element-39b864e8 elementor-section-boxed elementor-section-height-default elementor-section-height-default\" data-id=\"39b864e8\" data-element_type=\"section\" data-e-type=\"section\">\n\t\t\t\t\t\t<div class=\"elementor-container elementor-column-gap-wide\">\n\t\t\t\t\t<div class=\"elementor-column elementor-col-33 elementor-inner-column elementor-element elementor-element-4df1845b\" data-id=\"4df1845b\" data-element_type=\"column\" data-e-type=\"column\">\n\t\t\t<div class=\"elementor-widget-wrap elementor-element-populated\">\n\t\t\t\t\t\t<div class=\"elementor-element elementor-element-4b80a206 elementor-widget elementor-widget-image\" data-id=\"4b80a206\" data-element_type=\"widget\" data-e-type=\"widget\" data-widget_type=\"image.default\">\n\t\t\t\t<div class=\"elementor-widget-container\">\n\t\t\t\t\t\t\t\t\t\t\t\t\t\t\t\t<a href=\"https:\/\/orlando-prowebhost.com\" target=\"_blank\">\n\t\t\t\t\t\t\t<img decoding=\"async\" width=\"255\" height=\"37\" data-src=\"https:\/\/www.orlando-prowebhost.com\/boutique-affiliation\/wp-content\/uploads\/2019\/12\/logo.png\" class=\"attachment-large size-large wp-image-2181 lazyload\" alt=\"H\u00e9bergements Web OPWH : Orlando-ProwebHost\" src=\"data:image\/svg+xml;base64,PHN2ZyB3aWR0aD0iMSIgaGVpZ2h0PSIxIiB4bWxucz0iaHR0cDovL3d3dy53My5vcmcvMjAwMC9zdmciPjwvc3ZnPg==\" style=\"--smush-placeholder-width: 255px; --smush-placeholder-aspect-ratio: 255\/37;\" \/>\t\t\t\t\t\t\t\t<\/a>\n\t\t\t\t\t\t\t\t\t\t\t\t\t\t\t<\/div>\n\t\t\t\t<\/div>\n\t\t\t\t<div class=\"elementor-element elementor-element-9ad195c elementor-widget elementor-widget-image\" data-id=\"9ad195c\" data-element_type=\"widget\" data-e-type=\"widget\" data-widget_type=\"image.default\">\n\t\t\t\t<div class=\"elementor-widget-container\">\n\t\t\t\t\t\t\t\t\t\t\t\t\t\t\t\t<a href=\"https:\/\/fortissimail.com\" target=\"_blank\" rel=\"noopener\">\n\t\t\t\t\t\t\t<img decoding=\"async\" width=\"296\" height=\"45\" data-src=\"https:\/\/www.orlando-prowebhost.com\/boutique-affiliation\/wp-content\/uploads\/2019\/12\/logo-1.png\" class=\"attachment-large size-large wp-image-2184 lazyload\" alt=\"Autor\u00e9pondeur E-Mailing Marketing FortissiMail\" src=\"data:image\/svg+xml;base64,PHN2ZyB3aWR0aD0iMSIgaGVpZ2h0PSIxIiB4bWxucz0iaHR0cDovL3d3dy53My5vcmcvMjAwMC9zdmciPjwvc3ZnPg==\" style=\"--smush-placeholder-width: 296px; --smush-placeholder-aspect-ratio: 296\/45;\" \/>\t\t\t\t\t\t\t\t<\/a>\n\t\t\t\t\t\t\t\t\t\t\t\t\t\t\t<\/div>\n\t\t\t\t<\/div>\n\t\t\t\t\t<\/div>\n\t\t<\/div>\n\t\t\t\t<div class=\"elementor-column elementor-col-33 elementor-inner-column elementor-element elementor-element-2f138707\" data-id=\"2f138707\" data-element_type=\"column\" data-e-type=\"column\">\n\t\t\t<div class=\"elementor-widget-wrap elementor-element-populated\">\n\t\t\t\t\t\t<div class=\"elementor-element elementor-element-3d8e815b elementor-widget elementor-widget-text-editor\" data-id=\"3d8e815b\" data-element_type=\"widget\" data-e-type=\"widget\" data-widget_type=\"text-editor.default\">\n\t\t\t\t<div class=\"elementor-widget-container\">\n\t\t\t\t\t\t\t\t\t<p style=\"text-align: center;\"><span style=\"color: #62626c;\">Copyright \u00a9 2010 &#8211; 2025. Boutique-Affiliation OPWH \/ FortissiMail. Tous droits r\u00e9serv\u00e9s.<\/span><\/p>\t\t\t\t\t\t\t\t<\/div>\n\t\t\t\t<\/div>\n\t\t\t\t\t<\/div>\n\t\t<\/div>\n\t\t\t\t<div class=\"elementor-column elementor-col-33 elementor-inner-column elementor-element elementor-element-51ccb09f\" data-id=\"51ccb09f\" data-element_type=\"column\" data-e-type=\"column\">\n\t\t\t<div class=\"elementor-widget-wrap elementor-element-populated\">\n\t\t\t\t\t\t<div class=\"elementor-element elementor-element-3e2c4d2a elementor-widget elementor-widget-image\" data-id=\"3e2c4d2a\" data-element_type=\"widget\" data-e-type=\"widget\" data-widget_type=\"image.default\">\n\t\t\t\t<div class=\"elementor-widget-container\">\n\t\t\t\t\t\t\t\t\t\t\t\t\t\t\t\t<a href=\"https:\/\/orlando-prowebhost.com\" target=\"_blank\">\n\t\t\t\t\t\t\t<img decoding=\"async\" width=\"256\" height=\"128\" data-src=\"https:\/\/www.orlando-prowebhost.com\/boutique-affiliation\/wp-content\/uploads\/2017\/05\/logo-obc-transp.png\" class=\"attachment-large size-large wp-image-101 lazyload\" alt=\"Le R\u00e9seau OBC-WEB\" data-srcset=\"https:\/\/www.orlando-prowebhost.com\/boutique-affiliation\/wp-content\/uploads\/2017\/05\/logo-obc-transp.png 256w, https:\/\/www.orlando-prowebhost.com\/boutique-affiliation\/wp-content\/uploads\/2017\/05\/logo-obc-transp-100x50.png 100w, https:\/\/www.orlando-prowebhost.com\/boutique-affiliation\/wp-content\/uploads\/2017\/05\/logo-obc-transp-150x75.png 150w, https:\/\/www.orlando-prowebhost.com\/boutique-affiliation\/wp-content\/uploads\/2017\/05\/logo-obc-transp-200x100.png 200w\" data-sizes=\"(max-width: 256px) 100vw, 256px\" src=\"data:image\/svg+xml;base64,PHN2ZyB3aWR0aD0iMSIgaGVpZ2h0PSIxIiB4bWxucz0iaHR0cDovL3d3dy53My5vcmcvMjAwMC9zdmciPjwvc3ZnPg==\" style=\"--smush-placeholder-width: 256px; --smush-placeholder-aspect-ratio: 256\/128;\" \/>\t\t\t\t\t\t\t\t<\/a>\n\t\t\t\t\t\t\t\t\t\t\t\t\t\t\t<\/div>\n\t\t\t\t<\/div>\n\t\t\t\t\t<\/div>\n\t\t<\/div>\n\t\t\t\t\t<\/div>\n\t\t<\/section>\n\t\t\t\t\t<\/div>\n\t\t<\/div>\n\t\t\t\t\t<\/div>\n\t\t<\/section>\n\t\t\t\t<\/div>\n\t\t","protected":false},"excerpt":{"rendered":"<p>Copyright \u00a9 2010 &#8211; 2025. Boutique-Affiliation OPWH \/ FortissiMail. Tous droits r\u00e9serv\u00e9s.<\/p>\n","protected":false},"author":1,"featured_media":0,"parent":0,"menu_order":0,"comment_status":"closed","ping_status":"closed","template":"elementor_header_footer","meta":{"site-sidebar-layout":"no-sidebar","site-content-layout":"page-builder","ast-site-content-layout":"full-width-container","site-content-style":"unboxed","site-sidebar-style":"unboxed","ast-global-header-display":"","ast-banner-title-visibility":"","ast-main-header-display":"","ast-hfb-above-header-display":"","ast-hfb-below-header-display":"","ast-hfb-mobile-header-display":"","site-post-title":"disabled","ast-breadcrumbs-content":"","ast-featured-img":"disabled","footer-sml-layout":"","ast-disable-related-posts":"","theme-transparent-header-meta":"default","adv-header-id-meta":"","stick-header-meta":"default","header-above-stick-meta":"","header-main-stick-meta":"","header-below-stick-meta":"","astra-migrate-meta-layouts":"set","ast-page-background-enabled":"default","ast-page-background-meta":{"desktop":{"background-color":"","background-image":"","background-repeat":"repeat","background-position":"center center","background-size":"auto","background-attachment":"scroll","background-type":"","background-media":"","overlay-type":"","overlay-color":"","overlay-opacity":"","overlay-gradient":""},"tablet":{"background-color":"","background-image":"","background-repeat":"repeat","background-position":"center center","background-size":"auto","background-attachment":"scroll","background-type":"","background-media":"","overlay-type":"","overlay-color":"","overlay-opacity":"","overlay-gradient":""},"mobile":{"background-color":"","background-image":"","background-repeat":"repeat","background-position":"center center","background-size":"auto","background-attachment":"scroll","background-type":"","background-media":"","overlay-type":"","overlay-color":"","overlay-opacity":"","overlay-gradient":""}},"ast-content-background-meta":{"desktop":{"background-color":"var(--ast-global-color-5)","background-image":"","background-repeat":"repeat","background-position":"center center","background-size":"auto","background-attachment":"scroll","background-type":"","background-media":"","overlay-type":"","overlay-color":"","overlay-opacity":"","overlay-gradient":""},"tablet":{"background-color":"var(--ast-global-color-5)","background-image":"","background-repeat":"repeat","background-position":"center center","background-size":"auto","background-attachment":"scroll","background-type":"","background-media":"","overlay-type":"","overlay-color":"","overlay-opacity":"","overlay-gradient":""},"mobile":{"background-color":"var(--ast-global-color-5)","background-image":"","background-repeat":"repeat","background-position":"center center","background-size":"auto","background-attachment":"scroll","background-type":"","background-media":"","overlay-type":"","overlay-color":"","overlay-opacity":"","overlay-gradient":""}},"footnotes":"","beyondwords_generate_audio":"","beyondwords_integration_method":"","beyondwords_project_id":"","beyondwords_content_id":"","beyondwords_preview_token":"","beyondwords_player_content":"","beyondwords_player_style":"","beyondwords_language_code":"","beyondwords_language_id":"","beyondwords_title_voice_id":"","beyondwords_body_voice_id":"","beyondwords_summary_voice_id":"","beyondwords_error_message":"","beyondwords_disabled":"","beyondwords_delete_content":"","beyondwords_podcast_id":"","beyondwords_hash":"","publish_post_to_speechkit":"","speechkit_hash":"","speechkit_generate_audio":"","speechkit_project_id":"","speechkit_podcast_id":"","speechkit_error_message":"","speechkit_disabled":"","speechkit_access_key":"","speechkit_error":"","speechkit_info":"","speechkit_response":"","speechkit_retries":"","speechkit_status":"","speechkit_updated_at":"","_speechkit_link":"","_speechkit_text":""},"class_list":["post-3642","page","type-page","status-publish","hentry"],"_links":{"self":[{"href":"https:\/\/www.orlando-prowebhost.com\/boutique-affiliation\/wp-json\/wp\/v2\/pages\/3642","targetHints":{"allow":["GET"]}}],"collection":[{"href":"https:\/\/www.orlando-prowebhost.com\/boutique-affiliation\/wp-json\/wp\/v2\/pages"}],"about":[{"href":"https:\/\/www.orlando-prowebhost.com\/boutique-affiliation\/wp-json\/wp\/v2\/types\/page"}],"author":[{"embeddable":true,"href":"https:\/\/www.orlando-prowebhost.com\/boutique-affiliation\/wp-json\/wp\/v2\/users\/1"}],"replies":[{"embeddable":true,"href":"https:\/\/www.orlando-prowebhost.com\/boutique-affiliation\/wp-json\/wp\/v2\/comments?post=3642"}],"version-history":[{"count":0,"href":"https:\/\/www.orlando-prowebhost.com\/boutique-affiliation\/wp-json\/wp\/v2\/pages\/3642\/revisions"}],"wp:attachment":[{"href":"https:\/\/www.orlando-prowebhost.com\/boutique-affiliation\/wp-json\/wp\/v2\/media?parent=3642"}],"curies":[{"name":"wp","href":"https:\/\/api.w.org\/{rel}","templated":true}]}}